{"id":35,"date":"2025-04-10T11:35:50","date_gmt":"2025-04-10T11:35:50","guid":{"rendered":"https:\/\/www.thelinebau.com\/?page_id=35"},"modified":"2025-05-29T13:19:58","modified_gmt":"2025-05-29T13:19:58","slug":"references","status":"publish","type":"page","link":"https:\/\/thelinebau.com\/?page_id=35","title":{"rendered":"References"},"content":{"rendered":"\t\t<div data-elementor-type=\"wp-page\" data-elementor-id=\"35\" class=\"elementor elementor-35\" data-elementor-post-type=\"page\">\n\t\t\t\t\t\t<section class=\"elementor-section elementor-top-section elementor-element elementor-element-81eb4b5 elementor-section-boxed elementor-section-height-default elementor-section-height-default\" data-id=\"81eb4b5\" data-element_type=\"section\" data-settings=\"{&quot;ekit_has_onepagescroll_dot&quot;:&quot;yes&quot;}\">\n\t\t\t\t\t\t<div class=\"elementor-container elementor-column-gap-default\">\n\t\t\t\t\t<div class=\"elementor-column elementor-col-50 elementor-top-column elementor-element elementor-element-959abaa\" data-id=\"959abaa\" data-element_type=\"column\">\n\t\t\t<div class=\"elementor-widget-wrap elementor-element-populated\">\n\t\t\t\t\t\t<div class=\"elementor-element elementor-element-0259802 elementor-widget elementor-widget-heading\" data-id=\"0259802\" data-element_type=\"widget\" data-settings=\"{&quot;ekit_we_effect_on&quot;:&quot;none&quot;}\" data-widget_type=\"heading.default\">\n\t\t\t\t<div class=\"elementor-widget-container\">\n\t\t\t\t\t<h2 class=\"elementor-heading-title elementor-size-default\">References<\/h2>\t\t\t\t<\/div>\n\t\t\t\t<\/div>\n\t\t\t\t<div class=\"elementor-element elementor-element-1e133bf elementor-widget elementor-widget-heading\" data-id=\"1e133bf\" data-element_type=\"widget\" data-settings=\"{&quot;ekit_we_effect_on&quot;:&quot;none&quot;}\" data-widget_type=\"heading.default\">\n\t\t\t\t<div class=\"elementor-widget-container\">\n\t\t\t\t\t<h2 class=\"elementor-heading-title elementor-size-default\">Subcontractor <\/h2>\t\t\t\t<\/div>\n\t\t\t\t<\/div>\n\t\t\t\t<div class=\"elementor-element elementor-element-9467ae0 elementor-widget elementor-widget-text-editor\" data-id=\"9467ae0\" data-element_type=\"widget\" data-settings=\"{&quot;ekit_we_effect_on&quot;:&quot;none&quot;}\" data-widget_type=\"text-editor.default\">\n\t\t\t\t<div class=\"elementor-widget-container\">\n\t\t\t\t\t\t\t\t\t<p>Our work speaks for itself. Explore a selection of projects that showcase the quality, reliability, and dedication that define The Line Bau.<\/p>\t\t\t\t\t\t\t\t<\/div>\n\t\t\t\t<\/div>\n\t\t\t\t\t<\/div>\n\t\t<\/div>\n\t\t\t\t<div class=\"elementor-column elementor-col-50 elementor-top-column elementor-element elementor-element-8ccdb03\" data-id=\"8ccdb03\" data-element_type=\"column\">\n\t\t\t<div class=\"elementor-widget-wrap elementor-element-populated\">\n\t\t\t\t\t\t<div class=\"elementor-element elementor-element-8f28ff2 elementor-widget elementor-widget-video\" data-id=\"8f28ff2\" data-element_type=\"widget\" data-settings=\"{&quot;video_type&quot;:&quot;hosted&quot;,&quot;autoplay&quot;:&quot;yes&quot;,&quot;play_on_mobile&quot;:&quot;yes&quot;,&quot;mute&quot;:&quot;yes&quot;,&quot;loop&quot;:&quot;yes&quot;,&quot;controls&quot;:&quot;yes&quot;,&quot;ekit_we_effect_on&quot;:&quot;none&quot;}\" data-widget_type=\"video.default\">\n\t\t\t\t<div class=\"elementor-widget-container\">\n\t\t\t\t\t\t\t<div class=\"e-hosted-video elementor-wrapper elementor-open-inline\">\n\t\t\t\t\t<video class=\"elementor-video\" src=\"https:\/\/thelinebau.com\/wp-content\/uploads\/2025\/05\/2491948_Hands_Architect_1280x720.mp4\" autoplay=\"\" loop=\"\" controls=\"\" muted=\"muted\" playsinline=\"\" controlsList=\"nodownload\"><\/video>\n\t\t\t\t<\/div>\n\t\t\t\t\t\t<\/div>\n\t\t\t\t<\/div>\n\t\t\t\t\t<\/div>\n\t\t<\/div>\n\t\t\t\t\t<\/div>\n\t\t<\/section>\n\t\t\t\t<section class=\"elementor-section elementor-top-section elementor-element elementor-element-2020930 elementor-section-boxed elementor-section-height-default elementor-section-height-default\" data-id=\"2020930\" data-element_type=\"section\" data-settings=\"{&quot;ekit_has_onepagescroll_dot&quot;:&quot;yes&quot;}\">\n\t\t\t\t\t\t<div class=\"elementor-container elementor-column-gap-default\">\n\t\t\t\t\t<div class=\"elementor-column elementor-col-100 elementor-top-column elementor-element elementor-element-6d5e857\" data-id=\"6d5e857\" data-element_type=\"column\">\n\t\t\t<div class=\"elementor-widget-wrap elementor-element-populated\">\n\t\t\t\t\t\t<div class=\"elementor-element elementor-element-dfabbd4 elementor-widget elementor-widget-text-editor\" data-id=\"dfabbd4\" data-element_type=\"widget\" data-settings=\"{&quot;ekit_we_effect_on&quot;:&quot;none&quot;}\" data-widget_type=\"text-editor.default\">\n\t\t\t\t<div class=\"elementor-widget-container\">\n\t\t\t\t\t\t\t\t\t<p><a href=\"https:\/\/www.grupaura.com.tr\/acropol-bodrum\/\">ACROPOL BODRUM<\/a><\/p><p><a href=\"https:\/\/www.grupaura.com.tr\/acropol-park-bodrum\/\">ACROPOL PARK BODRUM<\/a><\/p><p><a href=\"https:\/\/www.grupaura.com.tr\/acropol-amethyst-bodrum\/\">ACROPOL AMETHYST<\/a><\/p><p><a href=\"https:\/\/www.grupaura.com.tr\/acropol-citrine\/\">ACROPOL CITRINE<\/a><\/p><p><a href=\"https:\/\/www.grupaura.com.tr\/acropol-pedesa\/\">ACROPOL PEDASA<\/a><\/p><p><a href=\"https:\/\/www.grupaura.com.tr\/park-aura-evleri\/\">PARK AURA EVLER\u0130<\/a><\/p><p><a href=\"https:\/\/www.grupaura.com.tr\/aura-golkoy\/\">AURA G\u00d6LK\u00d6Y<\/a><\/p><p><a href=\"https:\/\/www.grupaura.com.tr\/turgutreis-aura\/\">TURGUTRE\u0130S AURA<\/a><\/p><p><a href=\"https:\/\/www.grupaura.com.tr\/acropol-geris\/\">ACROPOL GER\u0130\u015e<\/a><\/p><p><a href=\"https:\/\/www.grupaura.com.tr\/acropol-vadi\/\">ACROPOL VAD\u0130<\/a><\/p><p><a href=\"https:\/\/www.grupaura.com.tr\/acropol-toscana-bodrum\/\">ACROPOL TOSCANA<\/a><\/p><p><a href=\"https:\/\/www.grupaura.com.tr\/acropol-sakli-vadi\/\">ACROPOL SAKLI VAD\u0130<\/a><\/p><p><a href=\"https:\/\/www.grupaura.com.tr\/acropol-town\/\">ACROPOL TOWN<\/a><\/p><p><a href=\"https:\/\/www.grupaura.com.tr\/acropol-city\/\">ACROPOL CITY<\/a><\/p><p><a href=\"https:\/\/www.grupaura.com.tr\/acropol-blue-life\/\">ACROPOL BLUE LIFE<\/a><\/p><p><a href=\"https:\/\/www.grupaura.com.tr\/greenlife-mumcular\/\">ACROPOL GREEN LIFE<\/a><\/p><p><a href=\"https:\/\/acropolport.com\/\">ACROPOL PORT<\/a><\/p><p><a href=\"https:\/\/www.grupaura.com.tr\/acropol-down-town\/\">ACROPOL DOWNTOWN<\/a><\/p><p><a href=\"https:\/\/www.grupaura.com.tr\/acropol-canyon\/\">ACROPOL CANYON<\/a><\/p><p><a href=\"https:\/\/www.grupaura.com.tr\/acropol-unique\/\">ACROPOL UNIQUE<\/a><\/p><p><a href=\"https:\/\/www.grupaura.com.tr\/acropol-torba-evleri\/\">ACROPOL TORBA EVLER\u0130<\/a><\/p><p><a href=\"https:\/\/www.grupaura.com.tr\/acropolelitetown\/\">ACROPOL ELITE TOWN<\/a><\/p>\t\t\t\t\t\t\t\t<\/div>\n\t\t\t\t<\/div>\n\t\t\t\t\t<\/div>\n\t\t<\/div>\n\t\t\t\t\t<\/div>\n\t\t<\/section>\n\t\t\t\t<\/div>\n\t\t","protected":false},"excerpt":{"rendered":"<p>References Subcontractor Our work speaks for itself. Explore a selection of projects that showcase the quality, reliability, and dedication that define The Line Bau. https:\/\/thelinebau.com\/wp-content\/uploads\/2025\/05\/2491948_Hands_Architect_1280x720.mp4 ACROPOL BODRUM ACROPOL PARK BODRUM ACROPOL AMETHYST ACROPOL CITRINE ACROPOL PEDASA PARK AURA EVLER\u0130 AURA G\u00d6LK\u00d6Y TURGUTRE\u0130S AURA ACROPOL GER\u0130\u015e ACROPOL VAD\u0130 ACROPOL TOSCANA ACROPOL SAKLI VAD\u0130 ACROPOL TOWN ACROPOL [&hellip;]<\/p>\n","protected":false},"author":1,"featured_media":0,"parent":0,"menu_order":0,"comment_status":"closed","ping_status":"closed","template":"elementor_header_footer","meta":{"footnotes":""},"class_list":["post-35","page","type-page","status-publish","hentry"],"lang":"en","translations":{"en":35,"de":600},"pll_sync_post":[],"_links":{"self":[{"href":"https:\/\/thelinebau.com\/index.php?rest_route=\/wp\/v2\/pages\/35","targetHints":{"allow":["GET"]}}],"collection":[{"href":"https:\/\/thelinebau.com\/index.php?rest_route=\/wp\/v2\/pages"}],"about":[{"href":"https:\/\/thelinebau.com\/index.php?rest_route=\/wp\/v2\/types\/page"}],"author":[{"embeddable":true,"href":"https:\/\/thelinebau.com\/index.php?rest_route=\/wp\/v2\/users\/1"}],"replies":[{"embeddable":true,"href":"https:\/\/thelinebau.com\/index.php?rest_route=%2Fwp%2Fv2%2Fcomments&post=35"}],"version-history":[{"count":19,"href":"https:\/\/thelinebau.com\/index.php?rest_route=\/wp\/v2\/pages\/35\/revisions"}],"predecessor-version":[{"id":573,"href":"https:\/\/thelinebau.com\/index.php?rest_route=\/wp\/v2\/pages\/35\/revisions\/573"}],"wp:attachment":[{"href":"https:\/\/thelinebau.com\/index.php?rest_route=%2Fwp%2Fv2%2Fmedia&parent=35"}],"curies":[{"name":"wp","href":"https:\/\/api.w.org\/{rel}","templated":true}]}}