{"id":598,"date":"2025-06-26T13:40:34","date_gmt":"2025-06-26T13:40:34","guid":{"rendered":"https:\/\/thelinebau.com\/?page_id=598"},"modified":"2025-06-26T14:06:21","modified_gmt":"2025-06-26T14:06:21","slug":"ueber-uns","status":"publish","type":"page","link":"https:\/\/thelinebau.com\/?page_id=598&lang=de","title":{"rendered":"\u00dcber uns"},"content":{"rendered":"\t\t<div data-elementor-type=\"wp-page\" data-elementor-id=\"598\" class=\"elementor elementor-598\" data-elementor-post-type=\"page\">\n\t\t\t\t\t\t<section class=\"elementor-section elementor-top-section elementor-element elementor-element-7a53340 elementor-section-boxed elementor-section-height-default elementor-section-height-default\" data-id=\"7a53340\" data-element_type=\"section\" data-settings=\"{&quot;ekit_has_onepagescroll_dot&quot;:&quot;yes&quot;}\">\n\t\t\t\t\t\t<div class=\"elementor-container elementor-column-gap-default\">\n\t\t\t\t\t<div class=\"elementor-column elementor-col-50 elementor-top-column elementor-element elementor-element-f875774\" data-id=\"f875774\" data-element_type=\"column\">\n\t\t\t<div class=\"elementor-widget-wrap elementor-element-populated\">\n\t\t\t\t\t\t<div class=\"elementor-element elementor-element-4869139 elementor-widget elementor-widget-heading\" data-id=\"4869139\" data-element_type=\"widget\" data-settings=\"{&quot;ekit_we_effect_on&quot;:&quot;none&quot;}\" data-widget_type=\"heading.default\">\n\t\t\t\t<div class=\"elementor-widget-container\">\n\t\t\t\t\t<h2 class=\"elementor-heading-title elementor-size-default\">\u00dcber uns!<\/h2>\t\t\t\t<\/div>\n\t\t\t\t<\/div>\n\t\t\t\t<div class=\"elementor-element elementor-element-7e96239 elementor-widget elementor-widget-text-editor\" data-id=\"7e96239\" data-element_type=\"widget\" data-settings=\"{&quot;ekit_we_effect_on&quot;:&quot;none&quot;}\" data-widget_type=\"text-editor.default\">\n\t\t\t\t<div class=\"elementor-widget-container\">\n\t\t\t\t\t\t\t\t\t<p>Wir von The Line Bau glauben, dass gro\u00dfe R\u00e4ume mit gro\u00dfen Partnerschaften beginnen. Mit Pr\u00e4zision, Leidenschaft und Zielstrebigkeit erwecken wir Ihre Bauvision zum Leben.<\/p>\t\t\t\t\t\t\t\t<\/div>\n\t\t\t\t<\/div>\n\t\t\t\t\t<\/div>\n\t\t<\/div>\n\t\t\t\t<div class=\"elementor-column elementor-col-50 elementor-top-column elementor-element elementor-element-de943bd\" data-id=\"de943bd\" data-element_type=\"column\">\n\t\t\t<div class=\"elementor-widget-wrap elementor-element-populated\">\n\t\t\t\t\t\t<div class=\"elementor-element elementor-element-b8e15e3 elementor-widget elementor-widget-video\" data-id=\"b8e15e3\" data-element_type=\"widget\" data-settings=\"{&quot;video_type&quot;:&quot;hosted&quot;,&quot;autoplay&quot;:&quot;yes&quot;,&quot;play_on_mobile&quot;:&quot;yes&quot;,&quot;mute&quot;:&quot;yes&quot;,&quot;loop&quot;:&quot;yes&quot;,&quot;controls&quot;:&quot;yes&quot;,&quot;ekit_we_effect_on&quot;:&quot;none&quot;}\" data-widget_type=\"video.default\">\n\t\t\t\t<div class=\"elementor-widget-container\">\n\t\t\t\t\t\t\t<div class=\"e-hosted-video elementor-wrapper elementor-open-inline\">\n\t\t\t\t\t<video class=\"elementor-video\" src=\"https:\/\/thelinebau.com\/wp-content\/uploads\/2025\/05\/0_Apartments_London_720x1280.mp4\" autoplay=\"\" loop=\"\" controls=\"\" muted=\"muted\" playsinline=\"\" controlsList=\"nodownload\"><\/video>\n\t\t\t\t<\/div>\n\t\t\t\t\t\t<\/div>\n\t\t\t\t<\/div>\n\t\t\t\t\t<\/div>\n\t\t<\/div>\n\t\t\t\t\t<\/div>\n\t\t<\/section>\n\t\t\t\t<section class=\"elementor-section elementor-top-section elementor-element elementor-element-3328f2b elementor-section-boxed elementor-section-height-default elementor-section-height-default\" data-id=\"3328f2b\" data-element_type=\"section\" data-settings=\"{&quot;ekit_has_onepagescroll_dot&quot;:&quot;yes&quot;}\">\n\t\t\t\t\t\t<div class=\"elementor-container elementor-column-gap-default\">\n\t\t\t\t\t<div class=\"elementor-column elementor-col-50 elementor-top-column elementor-element elementor-element-d830da1\" data-id=\"d830da1\" data-element_type=\"column\">\n\t\t\t<div class=\"elementor-widget-wrap elementor-element-populated\">\n\t\t\t\t\t\t<div class=\"elementor-element elementor-element-12fe342 elementor-widget elementor-widget-text-editor\" data-id=\"12fe342\" data-element_type=\"widget\" data-settings=\"{&quot;ekit_we_effect_on&quot;:&quot;none&quot;}\" data-widget_type=\"text-editor.default\">\n\t\t\t\t<div class=\"elementor-widget-container\">\n\t\t\t\t\t\t\t\t\t<p>F\u00fcr The Line Bau ist Bauen mehr als nur Bauen &#8211; es geht darum, R\u00e4ume zu gestalten, in denen Leben stattfindet. Mit Sitz in Bremen, Rigaer Str. 1, 28217, bringen wir Struktur, Stil und intelligente L\u00f6sungen in jedes Projekt, das wir \u00fcbernehmen. Ganz gleich, ob Sie ein Haus renovieren, eine Gewerbefl\u00e4che ausbauen oder notwendige Reparaturen durchf\u00fchren m\u00f6chten, wir liefern Handwerkskunst, auf die Sie sich verlassen k\u00f6nnen.<\/p><p>Wir sind stolz darauf, eine breite Palette von Dienstleistungen anbieten zu k\u00f6nnen, die auf die Bed\u00fcrfnisse des modernen Bauwesens zugeschnitten sind:<\/p><ul><li>Geb\u00e4uderenovierungen, die bestehenden Strukturen neues Leben einhauchen<\/li><li>Komplettsanierungen f\u00fcr eine vollst\u00e4ndige Umgestaltung von Grund auf<\/li><li>Express-Renovierungen, wenn die Zeit knapp ist, aber keine Kompromisse bei der Qualit\u00e4t gemacht werden d\u00fcrfen<\/li><li>Renovierungen und Reparaturen, damit Ihre R\u00e4ume sicher, funktionell und sch\u00f6n bleiben<\/li><li>Fliesenarbeiten und Fliesenverlegung mit Pr\u00e4zision und optischer Wirkung<\/li><li>Fassadend\u00e4mmung zur Steigerung der Energieeffizienz und des \u00e4u\u00dferen Erscheinungsbildes<\/li><li>Putzarbeiten f\u00fcr glatte, widerstandsf\u00e4hige Oberfl\u00e4chen, die f\u00fcr jede Art von Finish geeignet sind<\/li><li>Betonarbeiten, die den Grundstein f\u00fcr dauerhafte St\u00e4rke legen<\/li><\/ul><p>Was uns auszeichnet, ist nicht nur das, was wir tun, sondern auch, wie wir es tun. Bei The Line Bau verbinden wir deutsche Pr\u00e4zision mit innovativem Denken. Jedes Projekt, ob gro\u00df oder klein, wird mit einer Verpflichtung zu Qualit\u00e4t, klarer Kommunikation und p\u00fcnktlicher Lieferung angegangen. Unser Team aus erfahrenen Fachleuten arbeitet eng mit den Kunden zusammen, um ihre Bed\u00fcrfnisse zu verstehen und ihre Visionen zu verwirklichen.<\/p><p>Von schnellen Reparaturen bis hin zu kompletten Umgestaltungen &#8211; wir sind da, um Ihr Bauprojekt nahtlos und stressfrei zu gestalten. Wenn Sie mit Th<\/p>\t\t\t\t\t\t\t\t<\/div>\n\t\t\t\t<\/div>\n\t\t\t\t\t<\/div>\n\t\t<\/div>\n\t\t\t\t<div class=\"elementor-column elementor-col-50 elementor-top-column elementor-element elementor-element-1af1e13\" data-id=\"1af1e13\" data-element_type=\"column\">\n\t\t\t<div class=\"elementor-widget-wrap elementor-element-populated\">\n\t\t\t\t\t\t<section class=\"elementor-section elementor-inner-section elementor-element elementor-element-a16d52b elementor-section-full_width elementor-section-height-min-height elementor-section-height-default\" data-id=\"a16d52b\" data-element_type=\"section\" data-settings=\"{&quot;background_background&quot;:&quot;classic&quot;,&quot;ekit_has_onepagescroll_dot&quot;:&quot;yes&quot;}\">\n\t\t\t\t\t\t<div class=\"elementor-container elementor-column-gap-no\">\n\t\t\t\t\t<div class=\"elementor-column elementor-col-100 elementor-inner-column elementor-element elementor-element-f6703fc\" data-id=\"f6703fc\" data-element_type=\"column\">\n\t\t\t<div class=\"elementor-widget-wrap elementor-element-populated\">\n\t\t\t\t\t\t<div class=\"elementor-element elementor-element-fa02ff5 elementor-widget elementor-widget-heading\" data-id=\"fa02ff5\" data-element_type=\"widget\" data-settings=\"{&quot;ekit_we_effect_on&quot;:&quot;none&quot;}\" data-widget_type=\"heading.default\">\n\t\t\t\t<div class=\"elementor-widget-container\">\n\t\t\t\t\t<h2 class=\"elementor-heading-title elementor-size-default\">Machen Sie den n\u00e4chsten Schritt zu Ihrem Traumprojekt - kontaktieren Sie uns noch heute!<\/h2>\t\t\t\t<\/div>\n\t\t\t\t<\/div>\n\t\t\t\t<div class=\"elementor-element elementor-element-e65c3bd elementor-widget elementor-widget-text-editor\" data-id=\"e65c3bd\" data-element_type=\"widget\" data-settings=\"{&quot;ekit_we_effect_on&quot;:&quot;none&quot;}\" data-widget_type=\"text-editor.default\">\n\t\t\t\t<div class=\"elementor-widget-container\">\n\t\t\t\t\t\t\t\t\t<p>Unser Expertenteam ist bereit, Ihnen individuelle L\u00f6sungen anzubieten und alle Ihre Fragen zu beantworten. Verpassen Sie nicht die Gelegenheit zu einer kostenlosen Beratung und Bewertung. Lassen Sie uns zusammenarbeiten, um die besten Ergebnisse zu erzielen!<\/p>\t\t\t\t\t\t\t\t<\/div>\n\t\t\t\t<\/div>\n\t\t\t\t<div class=\"elementor-element elementor-element-eca05ba elementor-align-justify elementor-mobile-align-center elementor-widget elementor-widget-button\" data-id=\"eca05ba\" data-element_type=\"widget\" data-settings=\"{&quot;ekit_we_effect_on&quot;:&quot;none&quot;}\" data-widget_type=\"button.default\">\n\t\t\t\t<div class=\"elementor-widget-container\">\n\t\t\t\t\t\t\t\t\t<div class=\"elementor-button-wrapper\">\n\t\t\t\t\t<a class=\"elementor-button elementor-button-link elementor-size-sm\" href=\"#\">\n\t\t\t\t\t\t<span class=\"elementor-button-content-wrapper\">\n\t\t\t\t\t\t\t\t\t<span class=\"elementor-button-text\">Nehmen Sie Kontakt mit uns auf<\/span>\n\t\t\t\t\t<\/span>\n\t\t\t\t\t<\/a>\n\t\t\t\t<\/div>\n\t\t\t\t\t\t\t\t<\/div>\n\t\t\t\t<\/div>\n\t\t\t\t\t<\/div>\n\t\t<\/div>\n\t\t\t\t\t<\/div>\n\t\t<\/section>\n\t\t\t\t\t<\/div>\n\t\t<\/div>\n\t\t\t\t\t<\/div>\n\t\t<\/section>\n\t\t\t\t<\/div>\n\t\t","protected":false},"excerpt":{"rendered":"<p>\u00dcber uns! Wir von The Line Bau glauben, dass gro\u00dfe R\u00e4ume mit gro\u00dfen Partnerschaften beginnen. Mit Pr\u00e4zision, Leidenschaft und Zielstrebigkeit erwecken wir Ihre Bauvision zum Leben. https:\/\/thelinebau.com\/wp-content\/uploads\/2025\/05\/0_Apartments_London_720x1280.mp4 F\u00fcr The Line Bau ist Bauen mehr als nur Bauen &#8211; es geht darum, R\u00e4ume zu gestalten, in denen Leben stattfindet. Mit Sitz in Bremen, Rigaer Str. 1, [&hellip;]<\/p>\n","protected":false},"author":2,"featured_media":0,"parent":0,"menu_order":0,"comment_status":"closed","ping_status":"closed","template":"elementor_header_footer","meta":{"footnotes":""},"class_list":["post-598","page","type-page","status-publish","hentry"],"lang":"de","translations":{"de":598,"en":37},"pll_sync_post":[],"_links":{"self":[{"href":"https:\/\/thelinebau.com\/index.php?rest_route=\/wp\/v2\/pages\/598","targetHints":{"allow":["GET"]}}],"collection":[{"href":"https:\/\/thelinebau.com\/index.php?rest_route=\/wp\/v2\/pages"}],"about":[{"href":"https:\/\/thelinebau.com\/index.php?rest_route=\/wp\/v2\/types\/page"}],"author":[{"embeddable":true,"href":"https:\/\/thelinebau.com\/index.php?rest_route=\/wp\/v2\/users\/2"}],"replies":[{"embeddable":true,"href":"https:\/\/thelinebau.com\/index.php?rest_route=%2Fwp%2Fv2%2Fcomments&post=598"}],"version-history":[{"count":4,"href":"https:\/\/thelinebau.com\/index.php?rest_route=\/wp\/v2\/pages\/598\/revisions"}],"predecessor-version":[{"id":618,"href":"https:\/\/thelinebau.com\/index.php?rest_route=\/wp\/v2\/pages\/598\/revisions\/618"}],"wp:attachment":[{"href":"https:\/\/thelinebau.com\/index.php?rest_route=%2Fwp%2Fv2%2Fmedia&parent=598"}],"curies":[{"name":"wp","href":"https:\/\/api.w.org\/{rel}","templated":true}]}}